{"id":502,"date":"2022-04-28T11:00:12","date_gmt":"2022-04-28T11:00:12","guid":{"rendered":"https:\/\/satbernat.cat\/?page_id=502"},"modified":"2022-05-17T10:15:04","modified_gmt":"2022-05-17T10:15:04","slug":"sat-berntatsolicitar-precio-para-la-reparacion-de-tu-electrodomestico","status":"publish","type":"page","link":"https:\/\/satbernat.cat\/es\/sat-berntatsolicitar-precio-para-la-reparacion-de-tu-electrodomestico\/","title":{"rendered":"Solicitar presupuesto para la reparaci\u00f3n de tu electrodom\u00e9stico"},"content":{"rendered":"<p>[et_pb_section fb_built=\u00bb1&#8243; _builder_version=\u00bb4.10.7&#8243; _module_preset=\u00bbdefault\u00bb background_color=\u00bb#1D1E48&#8243; custom_padding=\u00bb19px||8px|||\u00bb global_colors_info=\u00bb{}\u00bb][et_pb_row custom_padding_last_edited=\u00bbon|desktop\u00bb _builder_version=\u00bb4.10.7&#8243; _module_preset=\u00bbdefault\u00bb custom_margin_tablet=\u00bb\u00bb custom_margin_phone=\u00bb-28px||||false|false\u00bb custom_margin_last_edited=\u00bbon|phone\u00bb custom_padding=\u00bb|0px|14px|0px|false|true\u00bb custom_padding_tablet=\u00bb|0%||0%|false|true\u00bb custom_padding_phone=\u00bb|0%||0%|false|true\u00bb global_colors_info=\u00bb{}\u00bb][et_pb_column type=\u00bb4_4&#8243; _builder_version=\u00bb4.10.7&#8243; _module_preset=\u00bbdefault\u00bb global_colors_info=\u00bb{}\u00bb][et_pb_text _builder_version=\u00bb4.10.7&#8243; _module_preset=\u00bbdefault\u00bb header_font=\u00bb|700|||||||\u00bb header_2_font=\u00bb|600|||||||\u00bb header_2_font_size=\u00bb42px\u00bb header_3_font=\u00bb|700|||||||\u00bb header_3_text_color=\u00bb#FFC700&#8243; header_3_font_size=\u00bb14px\u00bb custom_margin=\u00bb||11px|||\u00bb hover_enabled=\u00bb0&#8243; global_colors_info=\u00bb{}\u00bb sticky_enabled=\u00bb0&#8243;]<\/p>\n<h3 style=\"text-align: center;\">SOLICITA PRESUPUESTO<\/h3>\n<p>[\/et_pb_text][et_pb_text _builder_version=\u00bb4.10.7&#8243; _module_preset=\u00bbdefault\u00bb header_font=\u00bb|700|||||||\u00bb header_text_color=\u00bb#FFFFFF\u00bb header_font_size=\u00bb40px\u00bb header_line_height=\u00bb1.2em\u00bb max_width=\u00bb57%\u00bb max_width_tablet=\u00bb\u00bb max_width_phone=\u00bb100%\u00bb max_width_last_edited=\u00bbon|desktop\u00bb module_alignment=\u00bbcenter\u00bb custom_margin=\u00bb||19px|||\u00bb custom_padding=\u00bb9px|||||\u00bb hover_enabled=\u00bb0&#8243; header_font_size_tablet=\u00bb\u00bb header_font_size_phone=\u00bb31px\u00bb header_font_size_last_edited=\u00bbon|phone\u00bb global_colors_info=\u00bb{}\u00bb sticky_enabled=\u00bb0&#8243;]<\/p>\n<h1 style=\"text-align: center;\">Presupuesto online para reparar su electrodom\u00e9stico<\/h1>\n<p>[\/et_pb_text][\/et_pb_column][\/et_pb_row][\/et_pb_section][et_pb_section fb_built=\u00bb1&#8243; _builder_version=\u00bb4.10.7&#8243; _module_preset=\u00bbdefault\u00bb background_color=\u00bb#1D1E48&#8243; custom_padding=\u00bb10px||76px|||\u00bb global_colors_info=\u00bb{}\u00bb][et_pb_row column_structure=\u00bb1_4,1_2,1_4&#8243; _builder_version=\u00bb4.10.7&#8243; _module_preset=\u00bbdefault\u00bb custom_padding=\u00bb22px|||||\u00bb global_colors_info=\u00bb{}\u00bb][et_pb_column type=\u00bb1_4&#8243; _builder_version=\u00bb4.10.7&#8243; _module_preset=\u00bbdefault\u00bb global_colors_info=\u00bb{}\u00bb][\/et_pb_column][et_pb_column type=\u00bb1_2&#8243; _builder_version=\u00bb4.10.7&#8243; _module_preset=\u00bbdefault\u00bb global_colors_info=\u00bb{}\u00bb][et_pb_contact_form use_spam_service=\u00bbon\u00bb recaptcha_list=\u00bbsatbernatcat-0&#8243; email=\u00bbreparacions@satbernat.cat\u00bb success_message=\u00bbMuchas gracias, nos comunicaremos con usted muy pronto.\u00bb _builder_version=\u00bb4.10.7&#8243; _module_preset=\u00bbdefault\u00bb custom_margin_tablet=\u00bb\u00bb custom_margin_phone=\u00bb-61px||||false|false\u00bb custom_margin_last_edited=\u00bbon|phone\u00bb custom_padding_tablet=\u00bb\u00bb custom_padding_phone=\u00bb0px||||false|false\u00bb custom_padding_last_edited=\u00bbon|phone\u00bb hover_enabled=\u00bb0&#8243; global_colors_info=\u00bb{}\u00bb sticky_enabled=\u00bb0&#8243;][et_pb_contact_field field_id=\u00bbElectrodom\u00e8stic_a_reparar\u00bb field_title=\u00bbElectrodom\u00e8stico a reparar\u00bb field_type=\u00bbselect\u00bb select_options=\u00bb%91{%22value%22:%22Frigor\u00edficos y Neveras%22,%22checked%22:0,%22dragID%22:-1},{%22value%22:%22Lavadora%22,%22checked%22:0,%22dragID%22:0},{%22value%22:%22Lavaplatos%22,%22checked%22:0,%22dragID%22:1},{%22value%22:%22Termo el\u00e9ctrico%22,%22checked%22:0,%22dragID%22:2},{%22value%22:%22Horno%22,%22checked%22:0,%22dragID%22:3},{%22value%22:%22Campana extractora%22,%22checked%22:0,%22dragID%22:4},{%22value%22:%22Platos de cocina%22,%22checked%22:0,%22dragID%22:5},{%22value%22:%22Vitrocer\u00e1mica%22,%22checked%22:0,%22dragID%22:6},{%22value%22:%22Extractor%22,%22checked%22:0,%22dragID%22:7},{%22value%22:%22Microondas%22,%22checked%22:0,%22dragID%22:8},{%22value%22:%22Otros%22,%22checked%22:0,%22dragID%22:9}%93&#8243; fullwidth_field=\u00bbon\u00bb _builder_version=\u00bb4.10.7&#8243; _module_preset=\u00bbdefault\u00bb hover_enabled=\u00bb0&#8243; global_colors_info=\u00bb{}\u00bb sticky_enabled=\u00bb0&#8243;][\/et_pb_contact_field][et_pb_contact_field field_id=\u00bbDescriu_l&#8217;avaria\u00bb field_title=\u00bbDescribe la aver\u00eda\u00bb field_type=\u00bbtext\u00bb fullwidth_field=\u00bbon\u00bb _builder_version=\u00bb4.10.7&#8243; hover_enabled=\u00bb0&#8243; global_colors_info=\u00bb{}\u00bb button_text_size__hover_enabled=\u00bboff\u00bb button_one_text_size__hover_enabled=\u00bboff\u00bb button_two_text_size__hover_enabled=\u00bboff\u00bb button_text_color__hover_enabled=\u00bboff\u00bb button_one_text_color__hover_enabled=\u00bboff\u00bb button_two_text_color__hover_enabled=\u00bboff\u00bb button_border_width__hover_enabled=\u00bboff\u00bb button_one_border_width__hover_enabled=\u00bboff\u00bb button_two_border_width__hover_enabled=\u00bboff\u00bb button_border_color__hover_enabled=\u00bboff\u00bb button_one_border_color__hover_enabled=\u00bboff\u00bb button_two_border_color__hover_enabled=\u00bboff\u00bb button_border_radius__hover_enabled=\u00bboff\u00bb button_one_border_radius__hover_enabled=\u00bboff\u00bb button_two_border_radius__hover_enabled=\u00bboff\u00bb button_letter_spacing__hover_enabled=\u00bboff\u00bb button_one_letter_spacing__hover_enabled=\u00bboff\u00bb button_two_letter_spacing__hover_enabled=\u00bboff\u00bb button_bg_color__hover_enabled=\u00bboff\u00bb button_one_bg_color__hover_enabled=\u00bboff\u00bb button_two_bg_color__hover_enabled=\u00bboff\u00bb sticky_enabled=\u00bb0&#8243;][\/et_pb_contact_field][et_pb_contact_field field_id=\u00bbNom\u00bb field_title=\u00bbNombre\u00bb fullwidth_field=\u00bbon\u00bb _builder_version=\u00bb4.10.7&#8243; hover_enabled=\u00bb0&#8243; global_colors_info=\u00bb{}\u00bb button_text_size__hover_enabled=\u00bboff\u00bb button_one_text_size__hover_enabled=\u00bboff\u00bb button_two_text_size__hover_enabled=\u00bboff\u00bb button_text_color__hover_enabled=\u00bboff\u00bb button_one_text_color__hover_enabled=\u00bboff\u00bb button_two_text_color__hover_enabled=\u00bboff\u00bb button_border_width__hover_enabled=\u00bboff\u00bb button_one_border_width__hover_enabled=\u00bboff\u00bb button_two_border_width__hover_enabled=\u00bboff\u00bb button_border_color__hover_enabled=\u00bboff\u00bb button_one_border_color__hover_enabled=\u00bboff\u00bb button_two_border_color__hover_enabled=\u00bboff\u00bb button_border_radius__hover_enabled=\u00bboff\u00bb button_one_border_radius__hover_enabled=\u00bboff\u00bb button_two_border_radius__hover_enabled=\u00bboff\u00bb button_letter_spacing__hover_enabled=\u00bboff\u00bb button_one_letter_spacing__hover_enabled=\u00bboff\u00bb button_two_letter_spacing__hover_enabled=\u00bboff\u00bb button_bg_color__hover_enabled=\u00bboff\u00bb button_one_bg_color__hover_enabled=\u00bboff\u00bb button_two_bg_color__hover_enabled=\u00bboff\u00bb sticky_enabled=\u00bb0&#8243;][\/et_pb_contact_field][et_pb_contact_field field_id=\u00bbTel\u00e8fon\u00bb field_title=\u00bbTel\u00e9fono\u00bb fullwidth_field=\u00bbon\u00bb _builder_version=\u00bb4.10.7&#8243; hover_enabled=\u00bb0&#8243; global_colors_info=\u00bb{}\u00bb button_text_size__hover_enabled=\u00bboff\u00bb button_one_text_size__hover_enabled=\u00bboff\u00bb button_two_text_size__hover_enabled=\u00bboff\u00bb button_text_color__hover_enabled=\u00bboff\u00bb button_one_text_color__hover_enabled=\u00bboff\u00bb button_two_text_color__hover_enabled=\u00bboff\u00bb button_border_width__hover_enabled=\u00bboff\u00bb button_one_border_width__hover_enabled=\u00bboff\u00bb button_two_border_width__hover_enabled=\u00bboff\u00bb button_border_color__hover_enabled=\u00bboff\u00bb button_one_border_color__hover_enabled=\u00bboff\u00bb button_two_border_color__hover_enabled=\u00bboff\u00bb button_border_radius__hover_enabled=\u00bboff\u00bb button_one_border_radius__hover_enabled=\u00bboff\u00bb button_two_border_radius__hover_enabled=\u00bboff\u00bb button_letter_spacing__hover_enabled=\u00bboff\u00bb button_one_letter_spacing__hover_enabled=\u00bboff\u00bb button_two_letter_spacing__hover_enabled=\u00bboff\u00bb button_bg_color__hover_enabled=\u00bboff\u00bb button_one_bg_color__hover_enabled=\u00bboff\u00bb button_two_bg_color__hover_enabled=\u00bboff\u00bb sticky_enabled=\u00bb0&#8243;][\/et_pb_contact_field][et_pb_contact_field field_id=\u00bbEmail_2&#8243; field_title=\u00bbEmail\u00bb field_type=\u00bbemail\u00bb fullwidth_field=\u00bbon\u00bb _builder_version=\u00bb4.10.7&#8243; _module_preset=\u00bbdefault\u00bb hover_enabled=\u00bb0&#8243; global_colors_info=\u00bb{}\u00bb sticky_enabled=\u00bb0&#8243;][\/et_pb_contact_field][\/et_pb_contact_form][\/et_pb_column][et_pb_column type=\u00bb1_4&#8243; _builder_version=\u00bb4.10.7&#8243; _module_preset=\u00bbdefault\u00bb global_colors_info=\u00bb{}\u00bb][\/et_pb_column][\/et_pb_row][\/et_pb_section][et_pb_section fb_built=\u00bb1&#8243; _builder_version=\u00bb4.10.7&#8243; _module_preset=\u00bbdefault\u00bb background_color=\u00bb#1D1E48&#8243; custom_padding=\u00bb17px||0px||false|false\u00bb saved_tabs=\u00bball\u00bb global_colors_info=\u00bb{}\u00bb global_module=\u00bb466&#8243;][et_pb_row column_structure=\u00bb1_2,1_4,1_4&#8243; _builder_version=\u00bb4.10.7&#8243; _module_preset=\u00bbdefault\u00bb global_colors_info=\u00bb{}\u00bb][et_pb_column type=\u00bb1_2&#8243; _builder_version=\u00bb4.10.7&#8243; _module_preset=\u00bbdefault\u00bb global_colors_info=\u00bb{}\u00bb][et_pb_image src=\u00bbhttps:\/\/satbernat.cat\/wp-content\/uploads\/2022\/04\/SAT-BERNAT-Reparacio-electrodomestics-igualada-manresa.svg\u00bb title_text=\u00bbSAT BERNAT &#8211; Reparacio-electrodomestics-igualada-manresa\u00bb _builder_version=\u00bb4.10.7&#8243; _module_preset=\u00bbdefault\u00bb global_colors_info=\u00bb{}\u00bb][\/et_pb_image][\/et_pb_column][et_pb_column type=\u00bb1_4&#8243; _builder_version=\u00bb4.10.7&#8243; _module_preset=\u00bbdefault\u00bb global_colors_info=\u00bb{}\u00bb][\/et_pb_column][et_pb_column type=\u00bb1_4&#8243; _builder_version=\u00bb4.10.7&#8243; _module_preset=\u00bbdefault\u00bb global_colors_info=\u00bb{}\u00bb][\/et_pb_column][\/et_pb_row][et_pb_row column_structure=\u00bb1_2,1_4,1_4&#8243; _builder_version=\u00bb4.10.7&#8243; _module_preset=\u00bbdefault\u00bb global_colors_info=\u00bb{}\u00bb][et_pb_column type=\u00bb1_2&#8243; _builder_version=\u00bb4.10.7&#8243; _module_preset=\u00bbdefault\u00bb global_colors_info=\u00bb{}\u00bb][et_pb_text _builder_version=\u00bb4.10.7&#8243; _module_preset=\u00bbdefault\u00bb text_text_color=\u00bb#FFFFFF\u00bb text_font_size=\u00bb17px\u00bb text_line_height=\u00bb2em\u00bb max_width=\u00bb66%\u00bb max_width_tablet=\u00bb\u00bb max_width_phone=\u00bb100%\u00bb max_width_last_edited=\u00bbon|desktop\u00bb custom_margin_tablet=\u00bb\u00bb custom_margin_phone=\u00bb-51px||||false|false\u00bb custom_margin_last_edited=\u00bbon|phone\u00bb global_colors_info=\u00bb{}\u00bb]<\/p>\n<p><a href=\"mailto:satelectrodomestics@satbernat.cat\" target=\"_blank\" rel=\"noreferrer noopener\">reparacions@satbernat.cat<\/a><br \/>\nTel. 630 70 43 92<br \/>\nWhatsApp. 630 70 43 92<br \/>\nCasa Lucia,&nbsp; Carrer de Sant Bernab\u00e9, 1020, 08711 \u00d2dena, Barcelona<\/p>\n<p>[\/et_pb_text][\/et_pb_column][et_pb_column type=\u00bb1_4&#8243; _builder_version=\u00bb4.10.7&#8243; _module_preset=\u00bbdefault\u00bb global_colors_info=\u00bb{}\u00bb][et_pb_text _builder_version=\u00bb4.10.7&#8243; _module_preset=\u00bbdefault\u00bb text_text_color=\u00bb#FFFFFF\u00bb text_font_size=\u00bb13px\u00bb text_line_height=\u00bb2em\u00bb max_width=\u00bb100%\u00bb max_width_tablet=\u00bb\u00bb max_width_phone=\u00bb\u00bb max_width_last_edited=\u00bbon|desktop\u00bb hover_enabled=\u00bb0&#8243; global_colors_info=\u00bb{}\u00bb sticky_enabled=\u00bb0&#8243;]<\/p>\n<p><strong>EMPRESA<\/strong><\/p>\n<p><a href=\"https:\/\/satbernat.cat\/es\/reparacion-delectrodomesticos-en-igualada-manresa-vilafranca-del-penedes-y-martorell\/\">Reparaciones de electrodom\u00e9sticos<\/a><br \/>\n<a href=\"https:\/\/satbernat.cat\/es\/reparaciones-de-electrodomesticos-en-igualada-manresa-vilafranca-y-martorell\/\">Nosostros<\/a><br \/>\n<a href=\"https:\/\/satbernat.cat\/es\/contacto-sat-bernat-reparaciones-electrodomesticos\/\">Contacto<\/a><br \/>\n<a href=\"https:\/\/satbernat.cat\/es\/solicitar-precio-para-la-reparacion-de-tu-electrodomestico\/\">Solicita presupuesto<\/a><\/p>\n<p>[\/et_pb_text][\/et_pb_column][et_pb_column type=\u00bb1_4&#8243; _builder_version=\u00bb4.10.7&#8243; _module_preset=\u00bbdefault\u00bb global_colors_info=\u00bb{}\u00bb][et_pb_text _builder_version=\u00bb4.10.7&#8243; _module_preset=\u00bbdefault\u00bb text_text_color=\u00bb#FFFFFF\u00bb text_font_size=\u00bb13px\u00bb text_line_height=\u00bb2em\u00bb max_width=\u00bb100%\u00bb max_width_tablet=\u00bb\u00bb max_width_phone=\u00bb\u00bb max_width_last_edited=\u00bbon|desktop\u00bb hover_enabled=\u00bb0&#8243; global_colors_info=\u00bb{}\u00bb sticky_enabled=\u00bb0&#8243;]<\/p>\n<p><strong>SERVEIS<\/strong><\/p>\n<p><a href=\"https:\/\/satbernat.cat\/es\/reparacion-delectrodomesticos-en-igualada-manresa-vilafranca-del-penedes-y-martorell\/\">Reparaciones de electrodom\u00e9sticos<\/a><br \/>\n<a href=\"https:\/\/satbernat.cat\/es\/reparacion-delectrodomesticos-en-igualada-manresa-vilafranca-del-penedes-y-martorell\/\">Instalaciones de electrodom\u00e9sticos<\/a><br \/>\n<a href=\"https:\/\/satbernat.cat\/es\/reparacion-delectrodomesticos-en-igualada-manresa-vilafranca-del-penedes-y-martorell\/\">Servicio t\u00e9cnico<\/a><\/p>\n<p>[\/et_pb_text][\/et_pb_column][\/et_pb_row][et_pb_row _builder_version=\u00bb4.10.7&#8243; _module_preset=\u00bbdefault\u00bb global_colors_info=\u00bb{}\u00bb][et_pb_column type=\u00bb4_4&#8243; _builder_version=\u00bb4.10.7&#8243; _module_preset=\u00bbdefault\u00bb global_colors_info=\u00bb{}\u00bb][et_pb_text _builder_version=\u00bb4.10.7&#8243; _module_preset=\u00bbdefault\u00bb text_text_color=\u00bb#FFFFFF\u00bb text_font_size=\u00bb13px\u00bb text_line_height=\u00bb2em\u00bb max_width=\u00bb100%\u00bb max_width_tablet=\u00bb\u00bb max_width_phone=\u00bb\u00bb max_width_last_edited=\u00bbon|desktop\u00bb global_colors_info=\u00bb{}\u00bb]<\/p>\n<p>\u00a9 SAT BERNAT . Todos los derechos reservados. <a href=\"https:\/\/satbernat.cat\/es\/aviso-legal\">Av\u00edso legal<\/a> | <a href=\"https:\/\/satbernat.cat\/es\/privacidad\">Pol\u00edtica de privacidad<\/a><\/p>\n<p>[\/et_pb_text][\/et_pb_column][\/et_pb_row][\/et_pb_section]<\/p>\n","protected":false},"excerpt":{"rendered":"<p>SOLICITA PRESUPUESTO Presupuesto online para reparar su electrodom\u00e9stico reparacions@satbernat.cat Tel. 630 70 43 92 WhatsApp. 630 70 43 92 Casa Lucia,&nbsp; Carrer de Sant Bernab\u00e9, 1020, 08711 \u00d2dena, Barcelona EMPRESA Reparaciones de electrodom\u00e9sticos Nosostros Contacto Solicita presupuesto SERVEIS Reparaciones de electrodom\u00e9sticos Instalaciones de electrodom\u00e9sticos Servicio t\u00e9cnico \u00a9 SAT BERNAT . Todos los derechos reservados. Av\u00edso [&hellip;]<\/p>\n","protected":false},"author":1,"featured_media":435,"parent":0,"menu_order":0,"comment_status":"closed","ping_status":"closed","template":"","meta":{"_et_pb_use_builder":"on","_et_pb_old_content":"","_et_gb_content_width":"","inline_featured_image":false},"yoast_head":"<!-- This site is optimized with the Yoast SEO plugin v20.5 - https:\/\/yoast.com\/wordpress\/plugins\/seo\/ -->\n<title>Sat Bernat, presupuesto para la reparaci\u00f3n de tu electrodom\u00e9stico<\/title>\n<meta name=\"description\" content=\"Sat Bernat, presupuesto a medida para la reparaci\u00f3n de tu electrodom\u00e9stico. El servicio t\u00e9cnico te informar\u00e1 de las soluciones.\" \/>\n<meta name=\"robots\" content=\"index, follow, max-snippet:-1, max-image-preview:large, max-video-preview:-1\" \/>\n<link rel=\"canonical\" href=\"https:\/\/satbernat.cat\/es\/sat-berntatsolicitar-precio-para-la-reparacion-de-tu-electrodomestico\/\" \/>\n<meta property=\"og:locale\" content=\"es_ES\" \/>\n<meta property=\"og:type\" content=\"article\" \/>\n<meta property=\"og:title\" content=\"Sat Bernat, presupuesto para la reparaci\u00f3n de tu electrodom\u00e9stico\" \/>\n<meta property=\"og:description\" content=\"Sat Bernat, presupuesto a medida para la reparaci\u00f3n de tu electrodom\u00e9stico. El servicio t\u00e9cnico te informar\u00e1 de las soluciones.\" \/>\n<meta property=\"og:url\" content=\"https:\/\/satbernat.cat\/es\/sat-berntatsolicitar-precio-para-la-reparacion-de-tu-electrodomestico\/\" \/>\n<meta property=\"og:site_name\" content=\"SAT BERNAT\" \/>\n<meta property=\"article:modified_time\" content=\"2022-05-17T10:15:04+00:00\" \/>\n<meta name=\"twitter:card\" content=\"summary_large_image\" \/>\n<meta name=\"twitter:label1\" content=\"Tiempo de lectura\" \/>\n\t<meta name=\"twitter:data1\" content=\"3 minutos\" \/>\n<script type=\"application\/ld+json\" class=\"yoast-schema-graph\">{\"@context\":\"https:\/\/schema.org\",\"@graph\":[{\"@type\":\"WebPage\",\"@id\":\"https:\/\/satbernat.cat\/es\/sat-berntatsolicitar-precio-para-la-reparacion-de-tu-electrodomestico\/\",\"url\":\"https:\/\/satbernat.cat\/es\/sat-berntatsolicitar-precio-para-la-reparacion-de-tu-electrodomestico\/\",\"name\":\"Sat Bernat, presupuesto para la reparaci\u00f3n de tu electrodom\u00e9stico\",\"isPartOf\":{\"@id\":\"https:\/\/satbernat.cat\/#website\"},\"datePublished\":\"2022-04-28T11:00:12+00:00\",\"dateModified\":\"2022-05-17T10:15:04+00:00\",\"description\":\"Sat Bernat, presupuesto a medida para la reparaci\u00f3n de tu electrodom\u00e9stico. El servicio t\u00e9cnico te informar\u00e1 de las soluciones.\",\"breadcrumb\":{\"@id\":\"https:\/\/satbernat.cat\/es\/sat-berntatsolicitar-precio-para-la-reparacion-de-tu-electrodomestico\/#breadcrumb\"},\"inLanguage\":\"es\",\"potentialAction\":[{\"@type\":\"ReadAction\",\"target\":[\"https:\/\/satbernat.cat\/es\/sat-berntatsolicitar-precio-para-la-reparacion-de-tu-electrodomestico\/\"]}]},{\"@type\":\"BreadcrumbList\",\"@id\":\"https:\/\/satbernat.cat\/es\/sat-berntatsolicitar-precio-para-la-reparacion-de-tu-electrodomestico\/#breadcrumb\",\"itemListElement\":[{\"@type\":\"ListItem\",\"position\":1,\"name\":\"Portada\",\"item\":\"https:\/\/satbernat.cat\/es\/\"},{\"@type\":\"ListItem\",\"position\":2,\"name\":\"Solicitar presupuesto para la reparaci\u00f3n de tu electrodom\u00e9stico\"}]},{\"@type\":\"WebSite\",\"@id\":\"https:\/\/satbernat.cat\/#website\",\"url\":\"https:\/\/satbernat.cat\/\",\"name\":\"SAT BERNAT\",\"description\":\"Reparaci\u00f3 d\u2019electrodom\u00e8stics a Igualada i Manresa\",\"publisher\":{\"@id\":\"https:\/\/satbernat.cat\/#organization\"},\"potentialAction\":[{\"@type\":\"SearchAction\",\"target\":{\"@type\":\"EntryPoint\",\"urlTemplate\":\"https:\/\/satbernat.cat\/?s={search_term_string}\"},\"query-input\":\"required name=search_term_string\"}],\"inLanguage\":\"es\"},{\"@type\":\"Organization\",\"@id\":\"https:\/\/satbernat.cat\/#organization\",\"name\":\"SAT Bernat\",\"url\":\"https:\/\/satbernat.cat\/\",\"logo\":{\"@type\":\"ImageObject\",\"inLanguage\":\"es\",\"@id\":\"https:\/\/satbernat.cat\/#\/schema\/logo\/image\/\",\"url\":\"https:\/\/satbernat.cat\/wp-content\/uploads\/2022\/04\/SAT-BERNAT-Reparacio-electrodomestics-igualada-manresa-LOGO.svg\",\"contentUrl\":\"https:\/\/satbernat.cat\/wp-content\/uploads\/2022\/04\/SAT-BERNAT-Reparacio-electrodomestics-igualada-manresa-LOGO.svg\",\"width\":151,\"height\":65,\"caption\":\"SAT Bernat\"},\"image\":{\"@id\":\"https:\/\/satbernat.cat\/#\/schema\/logo\/image\/\"}}]}<\/script>\n<!-- \/ Yoast SEO plugin. -->","yoast_head_json":{"title":"Sat Bernat, presupuesto para la reparaci\u00f3n de tu electrodom\u00e9stico","description":"Sat Bernat, presupuesto a medida para la reparaci\u00f3n de tu electrodom\u00e9stico. El servicio t\u00e9cnico te informar\u00e1 de las soluciones.","robots":{"index":"index","follow":"follow","max-snippet":"max-snippet:-1","max-image-preview":"max-image-preview:large","max-video-preview":"max-video-preview:-1"},"canonical":"https:\/\/satbernat.cat\/es\/sat-berntatsolicitar-precio-para-la-reparacion-de-tu-electrodomestico\/","og_locale":"es_ES","og_type":"article","og_title":"Sat Bernat, presupuesto para la reparaci\u00f3n de tu electrodom\u00e9stico","og_description":"Sat Bernat, presupuesto a medida para la reparaci\u00f3n de tu electrodom\u00e9stico. El servicio t\u00e9cnico te informar\u00e1 de las soluciones.","og_url":"https:\/\/satbernat.cat\/es\/sat-berntatsolicitar-precio-para-la-reparacion-de-tu-electrodomestico\/","og_site_name":"SAT BERNAT","article_modified_time":"2022-05-17T10:15:04+00:00","twitter_card":"summary_large_image","twitter_misc":{"Tiempo de lectura":"3 minutos"},"schema":{"@context":"https:\/\/schema.org","@graph":[{"@type":"WebPage","@id":"https:\/\/satbernat.cat\/es\/sat-berntatsolicitar-precio-para-la-reparacion-de-tu-electrodomestico\/","url":"https:\/\/satbernat.cat\/es\/sat-berntatsolicitar-precio-para-la-reparacion-de-tu-electrodomestico\/","name":"Sat Bernat, presupuesto para la reparaci\u00f3n de tu electrodom\u00e9stico","isPartOf":{"@id":"https:\/\/satbernat.cat\/#website"},"datePublished":"2022-04-28T11:00:12+00:00","dateModified":"2022-05-17T10:15:04+00:00","description":"Sat Bernat, presupuesto a medida para la reparaci\u00f3n de tu electrodom\u00e9stico. El servicio t\u00e9cnico te informar\u00e1 de las soluciones.","breadcrumb":{"@id":"https:\/\/satbernat.cat\/es\/sat-berntatsolicitar-precio-para-la-reparacion-de-tu-electrodomestico\/#breadcrumb"},"inLanguage":"es","potentialAction":[{"@type":"ReadAction","target":["https:\/\/satbernat.cat\/es\/sat-berntatsolicitar-precio-para-la-reparacion-de-tu-electrodomestico\/"]}]},{"@type":"BreadcrumbList","@id":"https:\/\/satbernat.cat\/es\/sat-berntatsolicitar-precio-para-la-reparacion-de-tu-electrodomestico\/#breadcrumb","itemListElement":[{"@type":"ListItem","position":1,"name":"Portada","item":"https:\/\/satbernat.cat\/es\/"},{"@type":"ListItem","position":2,"name":"Solicitar presupuesto para la reparaci\u00f3n de tu electrodom\u00e9stico"}]},{"@type":"WebSite","@id":"https:\/\/satbernat.cat\/#website","url":"https:\/\/satbernat.cat\/","name":"SAT BERNAT","description":"Reparaci\u00f3 d\u2019electrodom\u00e8stics a Igualada i Manresa","publisher":{"@id":"https:\/\/satbernat.cat\/#organization"},"potentialAction":[{"@type":"SearchAction","target":{"@type":"EntryPoint","urlTemplate":"https:\/\/satbernat.cat\/?s={search_term_string}"},"query-input":"required name=search_term_string"}],"inLanguage":"es"},{"@type":"Organization","@id":"https:\/\/satbernat.cat\/#organization","name":"SAT Bernat","url":"https:\/\/satbernat.cat\/","logo":{"@type":"ImageObject","inLanguage":"es","@id":"https:\/\/satbernat.cat\/#\/schema\/logo\/image\/","url":"https:\/\/satbernat.cat\/wp-content\/uploads\/2022\/04\/SAT-BERNAT-Reparacio-electrodomestics-igualada-manresa-LOGO.svg","contentUrl":"https:\/\/satbernat.cat\/wp-content\/uploads\/2022\/04\/SAT-BERNAT-Reparacio-electrodomestics-igualada-manresa-LOGO.svg","width":151,"height":65,"caption":"SAT Bernat"},"image":{"@id":"https:\/\/satbernat.cat\/#\/schema\/logo\/image\/"}}]}},"_links":{"self":[{"href":"https:\/\/satbernat.cat\/es\/wp-json\/wp\/v2\/pages\/502"}],"collection":[{"href":"https:\/\/satbernat.cat\/es\/wp-json\/wp\/v2\/pages"}],"about":[{"href":"https:\/\/satbernat.cat\/es\/wp-json\/wp\/v2\/types\/page"}],"author":[{"embeddable":true,"href":"https:\/\/satbernat.cat\/es\/wp-json\/wp\/v2\/users\/1"}],"replies":[{"embeddable":true,"href":"https:\/\/satbernat.cat\/es\/wp-json\/wp\/v2\/comments?post=502"}],"version-history":[{"count":3,"href":"https:\/\/satbernat.cat\/es\/wp-json\/wp\/v2\/pages\/502\/revisions"}],"predecessor-version":[{"id":544,"href":"https:\/\/satbernat.cat\/es\/wp-json\/wp\/v2\/pages\/502\/revisions\/544"}],"wp:featuredmedia":[{"embeddable":true,"href":"https:\/\/satbernat.cat\/es\/wp-json\/wp\/v2\/media\/435"}],"wp:attachment":[{"href":"https:\/\/satbernat.cat\/es\/wp-json\/wp\/v2\/media?parent=502"}],"curies":[{"name":"wp","href":"https:\/\/api.w.org\/{rel}","templated":true}]}}